{"id":1605,"date":"2020-08-04T16:22:41","date_gmt":"2020-08-04T14:22:41","guid":{"rendered":"https:\/\/utbabogados.com\/serveis\/"},"modified":"2022-08-21T20:32:00","modified_gmt":"2022-08-21T18:32:00","slug":"serveis","status":"publish","type":"page","link":"https:\/\/utbabogados.com\/ca\/serveis\/","title":{"rendered":"Serveis"},"content":{"rendered":"<p>[vc_section el_id=&#8221;serviciosintroduccion&#8221;][vc_row][vc_column]<h1 class=\"sc_title sc_title_regular show_border_bottom_ border_bottom_center \"><span style=\"color: #028c6e;\"><strong>Servicios<\/strong><\/span><\/h1>[vc_column_text]Busquem l&#8217;excel\u00b7l\u00e8ncia en prestar els nostres serveis, amb efici\u00e8ncia, qualitat, responsabilitat, \u00e8tica, honradesa, integritat, transpar\u00e8ncia, confidencialitat i lleialtat.[\/vc_column_text]<br \/>[\/vc_column][\/vc_row][\/vc_section][vc_section el_id=&#8221;tiposservicios&#8221;][vc_row][vc_column width=&#8221;1\/2&#8243; el_id=&#8221;defensalegal&#8221;][vc_hoverbox image=&#8221;395&#8243; primary_title=&#8221;&#8221; hover_title=&#8221;Defensa en tota mena de procediments i inst\u00e0ncies&#8221; shape=&#8221;square&#8221; hover_background_color=&#8221;white&#8221; hover_btn_title=&#8221;Us podem ajudar en&#8230;&#8221; hover_btn_style=&#8221;custom&#8221; hover_btn_custom_text=&#8221;#028c6e&#8221; hover_btn_shape=&#8221;round&#8221; hover_btn_align=&#8221;center&#8221; hover_btn_i_type=&#8221;typicons&#8221; hover_btn_i_icon_typicons=&#8221;typcn typcn-tick&#8221; hover_add_button=&#8221;true&#8221; hover_btn_add_icon=&#8221;true&#8221; hover_btn_link=&#8221;url:https%3A%2F%2Futbabogados.com%2Fca%2Fservices_group%2Farees-despecialitat%2F|title:Defensa%20legal|&#8221;]Assessorament legal en totes les nostres \u00e0rees d&#8217;especialitat[\/vc_hoverbox][\/vc_column][vc_column width=&#8221;1\/2&#8243; el_id=&#8221;empresasyautonomos&#8221;][vc_hoverbox image=&#8221;391&#8243; primary_title=&#8221;&#8221; hover_title=&#8221;Assessorament i gesti\u00f3&#8221; shape=&#8221;square&#8221; hover_background_color=&#8221;white&#8221; hover_btn_title=&#8221;Trobeu la vostra soluci\u00f3 legal!&#8221; hover_btn_style=&#8221;custom&#8221; hover_btn_custom_text=&#8221;#028c6e&#8221; hover_btn_shape=&#8221;round&#8221; hover_btn_align=&#8221;center&#8221; hover_btn_i_type=&#8221;typicons&#8221; hover_btn_i_icon_typicons=&#8221;typcn typcn-tick&#8221; hover_add_button=&#8221;true&#8221; hover_btn_add_icon=&#8221;true&#8221; hover_btn_link=&#8221;url:https%3A%2F%2Futbabogados.com%2Fca%2Fservices_group%2Farees-despecialitat%2F|title:Defensa%20legal|&#8221;]En mat\u00e8ria fiscal, comptable i tribut\u00e0ria i en mat\u00e8ria laboral i de seguretat social.[\/vc_hoverbox][\/vc_column][\/vc_row][vc_row][vc_column]<br \/>[\/vc_column][\/vc_row][\/vc_section]<\/p>\n","protected":false},"excerpt":{"rendered":"<p>[vc_section el_id=&#8221;serviciosintroduccion&#8221;][vc_row][vc_column][vc_column_text]Busquem l&#8217;excel\u00b7l\u00e8ncia en prestar els nostres serveis, amb efici\u00e8ncia, qualitat, responsabilitat, \u00e8tica, honradesa, integritat, transpar\u00e8ncia, confidencialitat i lleialtat.[\/vc_column_text][\/vc_column][\/vc_row][\/vc_section][vc_section el_id=&#8221;tiposservicios&#8221;][vc_row][vc_column width=&#8221;1\/2&#8243; el_id=&#8221;defensalegal&#8221;][vc_hoverbox image=&#8221;395&#8243; primary_title=&#8221;&#8221; hover_title=&#8221;Defensa en tota mena de procediments i inst\u00e0ncies&#8221; shape=&#8221;square&#8221; hover_background_color=&#8221;white&#8221; hover_btn_title=&#8221;Us podem ajudar en&#8230;&#8221; hover_btn_style=&#8221;custom&#8221; hover_btn_custom_text=&#8221;#028c6e&#8221; hover_btn_shape=&#8221;round&#8221; hover_btn_align=&#8221;center&#8221; hover_btn_i_type=&#8221;typicons&#8221; hover_btn_i_icon_typicons=&#8221;typcn typcn-tick&#8221; hover_add_button=&#8221;true&#8221; hover_btn_add_icon=&#8221;true&#8221; hover_btn_link=&#8221;url:https%3A%2F%2Futbabogados.com%2Fca%2Fservices_group%2Farees-despecialitat%2F|title:Defensa%20legal|&#8221;]Assessorament legal en totes les nostres \u00e0rees d&#8217;especialitat[\/vc_hoverbox][\/vc_column][vc_column [&hellip;]<\/p>\n","protected":false},"author":1,"featured_media":0,"parent":0,"menu_order":0,"comment_status":"closed","ping_status":"closed","template":"","meta":{"_monsterinsights_skip_tracking":false,"_monsterinsights_sitenote_active":false,"_monsterinsights_sitenote_note":"","_monsterinsights_sitenote_category":0,"footnotes":""},"_links":{"self":[{"href":"https:\/\/utbabogados.com\/ca\/wp-json\/wp\/v2\/pages\/1605"}],"collection":[{"href":"https:\/\/utbabogados.com\/ca\/wp-json\/wp\/v2\/pages"}],"about":[{"href":"https:\/\/utbabogados.com\/ca\/wp-json\/wp\/v2\/types\/page"}],"author":[{"embeddable":true,"href":"https:\/\/utbabogados.com\/ca\/wp-json\/wp\/v2\/users\/1"}],"replies":[{"embeddable":true,"href":"https:\/\/utbabogados.com\/ca\/wp-json\/wp\/v2\/comments?post=1605"}],"version-history":[{"count":9,"href":"https:\/\/utbabogados.com\/ca\/wp-json\/wp\/v2\/pages\/1605\/revisions"}],"predecessor-version":[{"id":1663,"href":"https:\/\/utbabogados.com\/ca\/wp-json\/wp\/v2\/pages\/1605\/revisions\/1663"}],"wp:attachment":[{"href":"https:\/\/utbabogados.com\/ca\/wp-json\/wp\/v2\/media?parent=1605"}],"curies":[{"name":"wp","href":"https:\/\/api.w.org\/{rel}","templated":true}]}}